{"id":171,"date":"2019-03-18T21:56:08","date_gmt":"2019-03-18T20:56:08","guid":{"rendered":"http:\/\/cq7d.fr\/?page_id=171"},"modified":"2026-03-04T15:42:11","modified_gmt":"2026-03-04T14:42:11","slug":"adherez","status":"publish","type":"page","link":"https:\/\/cq7d.fr\/index.php\/adherez\/","title":{"rendered":"Adh\u00e9rez !"},"content":{"rendered":"\n<h3 class=\"wp-block-heading\">Adh\u00e9sion au Comit\u00e9 de Quartier des 7 deniers : 7\u20ac par adh\u00e9rent\u00b7e<\/h3>\n\n\n\n<p class=\"has-text-align-center has-vivid-green-cyan-background-color has-background has-large-font-size\"><strong><a href=\"https:\/\/www.helloasso.com\/associations\/comite-de-quartier-des-sept-deniers\">ADH\u00c9REZ EN LIGNE<\/a><\/strong><\/p>\n\n\n\n<p>Vous pouvez aussi adh\u00e9rer <strong>par ch\u00e8que ou en esp\u00e8ces<\/strong> \u00e0 :<\/p>\n\n\n\n<p><strong>Comit\u00e9 de quartier des 7 Deniers 105 route de Blagnac 31200 Toulouse.<\/strong><\/p>\n\n\n\n<p>PS : La bo\u00eete aux lettres se situe au pied du b\u00e2timent Job.<br><\/p>\n\n\n\n<p>Le Comit\u00e9 de quartier des 7 Deniers est une association qui a pour objet l&rsquo;\u00e9tude et la d\u00e9fense des int\u00e9r\u00eats du quartier au&nbsp;service et avec la participation des habitants.&nbsp;Les actions du Comit\u00e9 concernent l&rsquo;environnement et cadre de vie du quartier.&nbsp;Il est au service des habitant\u00b7es et de ses adh\u00e9rent\u00b7es avec leur participation et leur suggestions :<\/p>\n\n\n\n<p>Voici des exemples de r\u00e9flexions, actions et vigilance men\u00e9es sur le quartier&nbsp;:<\/p>\n\n\n\n<p>Arriv\u00e9e du m\u00e9tro<\/p>\n\n\n\n<p>Mobilit\u00e9, transports et d\u00e9placements<\/p>\n\n\n\n<p>Circulation et stationnement<\/p>\n\n\n\n<p>Pollution atmosph\u00e9rique<\/p>\n\n\n\n<p>Urbanisation et densification<\/p>\n\n\n\n<p>Services publics<\/p>\n\n\n\n<p>Nuisances air&nbsp;&amp;&nbsp;phoniques<\/p>\n\n\n\n<p>Liens avec les autres quartiers<\/p>\n\n\n\n<p>Histoire du quartier<\/p>\n\n\n\n<p>&#8230;<\/p>\n","protected":false},"excerpt":{"rendered":"<p>Adh\u00e9sion au Comit\u00e9 de Quartier des 7 deniers : 7\u20ac par adh\u00e9rent\u00b7e ADH\u00c9REZ EN LIGNE Vous pouvez aussi adh\u00e9rer par ch\u00e8que ou en esp\u00e8ces \u00e0 : Comit\u00e9 de quartier des 7 Deniers 105 route de Blagnac 31200 Toulouse. PS : La bo\u00eete aux lettres se situe au pied du b\u00e2timent Job. Le Comit\u00e9 de quartier <a class=\"more-link\" href=\"https:\/\/cq7d.fr\/index.php\/adherez\/\">Lire plus &#8230;<\/a><\/p>\n","protected":false},"author":1,"featured_media":2359,"parent":0,"menu_order":0,"comment_status":"closed","ping_status":"closed","template":"","meta":{"footnotes":""},"class_list":["post-171","page","type-page","status-publish","has-post-thumbnail","hentry"],"_links":{"self":[{"href":"https:\/\/cq7d.fr\/index.php\/wp-json\/wp\/v2\/pages\/171","targetHints":{"allow":["GET"]}}],"collection":[{"href":"https:\/\/cq7d.fr\/index.php\/wp-json\/wp\/v2\/pages"}],"about":[{"href":"https:\/\/cq7d.fr\/index.php\/wp-json\/wp\/v2\/types\/page"}],"author":[{"embeddable":true,"href":"https:\/\/cq7d.fr\/index.php\/wp-json\/wp\/v2\/users\/1"}],"replies":[{"embeddable":true,"href":"https:\/\/cq7d.fr\/index.php\/wp-json\/wp\/v2\/comments?post=171"}],"version-history":[{"count":35,"href":"https:\/\/cq7d.fr\/index.php\/wp-json\/wp\/v2\/pages\/171\/revisions"}],"predecessor-version":[{"id":2510,"href":"https:\/\/cq7d.fr\/index.php\/wp-json\/wp\/v2\/pages\/171\/revisions\/2510"}],"wp:featuredmedia":[{"embeddable":true,"href":"https:\/\/cq7d.fr\/index.php\/wp-json\/wp\/v2\/media\/2359"}],"wp:attachment":[{"href":"https:\/\/cq7d.fr\/index.php\/wp-json\/wp\/v2\/media?parent=171"}],"curies":[{"name":"wp","href":"https:\/\/api.w.org\/{rel}","templated":true}]}}